{"id":132,"date":"2017-01-26T10:44:54","date_gmt":"2017-01-26T10:44:54","guid":{"rendered":"http:\/\/stoic.aqibashef.me\/one_page\/?page_id=132"},"modified":"2024-04-04T09:59:28","modified_gmt":"2024-04-04T07:59:28","slug":"slider-full-screen","status":"publish","type":"page","link":"https:\/\/3darchviz.pl\/","title":{"rendered":"Slider Full Screen"},"content":{"rendered":"<p>[vc_row full_width=&#8221;stretch_row&#8221; gap=&#8221;5&#8243; css=&#8221;.vc_custom_1529675098091{padding-top: 90px !important;padding-bottom: 90px !important;}&#8221; el_id=&#8221;about&#8221;][vc_column]                <header class=\"section-heading  section-heading-underline  \" >\n                                <h2>Poznaj Nas<\/h2>\n                                                    <span>Tworzymy projekty, kt\u00f3re zamieniaj\u0105 s\u0142owa \u201ewyobra\u017a sobie\u201d na ZOBACZ\u2026<\/span>\n                            <\/header>\n        [vc_column_text]<\/p>\n<p style=\"text-align: center;\">3dArchViz tworzy najbardziej zaawansowane projekty interaktywne 3D na rynku nieruchomo\u015bci na ca\u0142ym \u015bwiecie.&nbsp;Innowacyjne pomys\u0142y \u015bwietnie sprawdzaj\u0105 si\u0119 we wsp\u00f3\u0142pracy z Inwestorami oraz Deweloperami.<br \/>\nDzi\u0119ki silnikowi Unreal Engine 4, na kt\u00f3rym pracujemy, jeste\u015bmy w stanie uzyska\u0107 najwy\u017csz\u0105 jako\u015b\u0107 detali zawartych w projektach.<\/p>\n<p>[\/vc_column_text][\/vc_column][\/vc_row][vc_row full_width=&#8221;stretch_row&#8221; css=&#8221;.vc_custom_1485412442465{padding-top: 90px !important;padding-bottom: 90px !important;}&#8221; el_id=&#8221;our-services&#8221;][vc_column]                <header class=\"section-heading  section-heading-underline  \" >\n                                <h2>Nasze Us\u0142ugi<\/h2>\n                                                    <span>Jeste\u015bmy wszechstronni i ch\u0119tnie podejmujemy wyzwania. Wsp\u00f3\u0142pracujemy z wieloma Inwestorami Deweloperami, kt\u00f3rzy korzystaj\u0105 z naszych narz\u0119dzi sprzeda\u017cowych.<\/span>\n                            <\/header>\n        [vc_row_inner css=&#8221;.vc_custom_1485412053820{padding-top: 90px !important;}&#8221;][vc_column_inner width=&#8221;1\/3&#8243;]    <div class=\"services\">\n        <div class=\"section-content\">\n            <!-- service -->\n            <div  class=\"service \">\n                                <div class=\"service-icon text-center\">\n                    <span class=\"fa fa-desktop\"><\/span>\n                <\/div>\n                                <div class=\"about-service\">\n                                        <h4 class=\"text-center\">Projekt Interaktywny 3D<\/h4>\n                                                            <p class=\"text-center\">Wizualizacja komputerowa w postaci modeli 3D \u0142\u0105cz\u0105ca zalety klasycznej wizualizacji i wirtualnego spaceru z interakcj\u0105 znan\u0105 z gier komputerowych. Umo\u017cliwi ona odbiorcy swobodne poruszane si\u0119 pomi\u0119dzy wszystkimi zwizualizowanymi elementami projektu z perspektywy pierwszej osoby (ang.: First Person Perspective)- mo\u017cliwo\u015b\u0107 zwizualizowania np. budynk\u00f3w, wn\u0119trz i otoczenia.<\/p>\n                                    <\/div>\n            <\/div>\n        <\/div>\n    <\/div>\n    [\/vc_column_inner][vc_column_inner width=&#8221;1\/3&#8243;]    <div class=\"services\">\n        <div class=\"section-content\">\n            <!-- service -->\n            <div  class=\"service \">\n                                <div class=\"service-icon text-center\">\n                    <span class=\"fa fa-laptop\"><\/span>\n                <\/div>\n                                <div class=\"about-service\">\n                                        <h4 class=\"text-center\">Wirtualna Wycieczka 360<\/h4>\n                                                            <p class=\"text-center\">Umo\u017cliwia wirtualny spacer po inwestycji. Obs\u0142ugiwany jest przez urz\u0105dzenia mobilne oraz przegl\u0105darki internetowe. Zdefiniowane menu pozwala na tworzenie poszczeg\u00f3lnych punkt\u00f3w spaceru wraz z ich pe\u0142n\u0105 list\u0105.<\/p>\n                                    <\/div>\n            <\/div>\n        <\/div>\n    <\/div>\n    [\/vc_column_inner][vc_column_inner width=&#8221;1\/3&#8243;]    <div class=\"services\">\n        <div class=\"section-content\">\n            <!-- service -->\n            <div  class=\"service \">\n                                <div class=\"service-icon text-center\">\n                    <span class=\"fa fa-search\"><\/span>\n                <\/div>\n                                <div class=\"about-service\">\n                                        <h4 class=\"text-center\">Wyszukiwarka mieszka\u0144<\/h4>\n                                                            <p class=\"text-center\">Aplikacja \u0142\u0105cz\u0105ca zalety klasycznej wizualizacji i wirtualnego spaceru z interakcj\u0105, z kt\u00f3rej mo\u017cemy korzysta\u0107 r\u00f3wnie\u017c na urz\u0105dzeniach mobilnych. Mo\u017cemy zobaczy\u0107 inwestycj\u0119 z lotu ptaka, zdefiniowa\u0107 swoje preferencje co do wielko\u015bci mieszkania, pi\u0119tra i ilo\u015bci pokoi, zobaczy\u0107 rzut mieszkania 2D i 3D. Wybrane mieszkania mo\u017cemy doda\u0107 do ulubionych jak i r\u00f3wnie\u017c zarezerwowa\u0107. Dodatkowo za\u0142\u0105czona jest mapa z najwa\u017cniejszymi punktami w okolicy wraz z komunikacj\u0105 miejsk\u0105 oraz galeri\u0105 ze zdj\u0119ciami. Menu mo\u017cna dopasowa\u0107 do potrzeb klienta.<\/p>\n                                    <\/div>\n            <\/div>\n        <\/div>\n    <\/div>\n    [\/vc_column_inner][\/vc_row_inner][\/vc_column][\/vc_row][vc_row full_width=&#8221;stretch_row&#8221; el_id=&#8221;port&#8221;][vc_column][vc_row_inner][vc_column_inner]                <header class=\"section-heading  section-heading-underline  \" >\n                                <h2>Portfolio<\/h2>\n                                                    <span>Zako\u0144czone projekty, zadowoleni klienci <\/span>\n                            <\/header>\n            <div class=\"portfolio\" id=\"portfolio\">\n        <div class=\"section-content\">\n            <div class=\"main_content\">\n                <div class=\"isotop-filter\" id=\"filters\">\n                    <button type=\"button\" class=\"btn btn-isotop is-checked\" data-filter=\"*\">All<\/button>\n                                            <button type=\"button\" class=\"btn btn-isotop\" data-filter=\".marketing\">Marketing<\/button>\n                                    <\/div>\n            <\/div>\n        <\/div>\n        <div class=\"portfolio-grid three-col\">\n            <ul id=\"da-thumbs\" class=\"da-thumbs isotope \">\n                                                        <li data-category=\"marketing\" class=\"marketing\">\n                        <a href=\"https:\/\/3darchviz.pl\/?zion_portfolio=corporate-website-12\">\n                            <img src=\"https:\/\/3darchviz.pl\/wp-content\/uploads\/2017\/01\/1-1-825x510.jpg\" alt=\"\" \/>\n                            <div class=\"portfolio-detail-overlay\">\n                                <div class=\"middle-align-wrap\">\n                                    <div class=\"middle-align-cell\">\n                                        <h4>Osiedle<\/h4>\n                                        <span>Marketing<\/span>\n                                    <\/div>\n                                <\/div>\n                            <\/div>\n                        <\/a>\n                    <\/li>\n                            <\/ul>\n        <\/div>\n    <\/div>\n    [\/vc_column_inner][\/vc_row_inner][\/vc_column][\/vc_row][vc_row full_width=&#8221;stretch_row&#8221; disable_element=&#8221;yes&#8221; css=&#8221;.vc_custom_1529924114559{padding-top: 0px !important;padding-bottom: 0px !important;background-color: #000000 !important;}&#8221; el_id=&#8221;klienci&#8221;][vc_column]    <div class=\"clients\" id=\"clients\">\n            <div class=\"container\">\n                <div class=\"section-content\">\n                <div id=\"client-carousel\" class=\"owl-carousel\">\n                                    <div class=\"client-image item\">\n                        <img src=\"https:\/\/3darchviz.pl\/wp-content\/uploads\/2017\/01\/c_logo01.png\" alt=\"\">\n                    <\/div>\n                                    <div class=\"client-image item\">\n                        <img src=\"https:\/\/3darchviz.pl\/wp-content\/uploads\/2017\/01\/c_logo02.png\" alt=\"\">\n                    <\/div>\n                                    <div class=\"client-image item\">\n                        <img src=\"https:\/\/3darchviz.pl\/wp-content\/uploads\/2017\/01\/c_logo03.png\" alt=\"\">\n                    <\/div>\n                                    <div class=\"client-image item\">\n                        <img src=\"https:\/\/3darchviz.pl\/wp-content\/uploads\/2017\/01\/c_logo04.png\" alt=\"\">\n                    <\/div>\n                                    <div class=\"client-image item\">\n                        <img src=\"https:\/\/3darchviz.pl\/wp-content\/uploads\/2017\/01\/c_logo05.png\" alt=\"\">\n                    <\/div>\n                                    <div class=\"client-image item\">\n                        <img src=\"https:\/\/3darchviz.pl\/wp-content\/uploads\/2017\/01\/c_logo06.png\" alt=\"\">\n                    <\/div>\n                                    <div class=\"client-image item\">\n                        <img src=\"https:\/\/3darchviz.pl\/wp-content\/uploads\/2017\/01\/c_logo01-1.png\" alt=\"\">\n                    <\/div>\n                                    <div class=\"client-image item\">\n                        <img src=\"https:\/\/3darchviz.pl\/wp-content\/uploads\/2017\/01\/c_logo02-1.png\" alt=\"\">\n                    <\/div>\n                                    <div class=\"client-image item\">\n                        <img src=\"https:\/\/3darchviz.pl\/wp-content\/uploads\/2017\/01\/c_logo03-1.png\" alt=\"\">\n                    <\/div>\n                                    <div class=\"client-image item\">\n                        <img src=\"https:\/\/3darchviz.pl\/wp-content\/uploads\/2017\/01\/c_logo04-1.png\" alt=\"\">\n                    <\/div>\n                                    <div class=\"client-image item\">\n                        <img src=\"https:\/\/3darchviz.pl\/wp-content\/uploads\/2017\/01\/c_logo05-1.png\" alt=\"\">\n                    <\/div>\n                                    <div class=\"client-image item\">\n                        <img src=\"https:\/\/3darchviz.pl\/wp-content\/uploads\/2017\/01\/c_logo06-1.png\" alt=\"\">\n                    <\/div>\n                                <\/div>\n            <\/div>\n            <\/div>\n        <\/div>\n    [\/vc_column][\/vc_row][vc_row full_width=&#8221;stretch_row&#8221; css=&#8221;.vc_custom_1492770124542{padding-top: 90px !important;padding-bottom: 90px !important;}&#8221; el_id=&#8221;contact&#8221;][vc_column]                <header class=\"section-heading  section-heading-underline  \" >\n                                <h2>Kontakt z Nami<\/h2>\n                                                    <span>Czekamy na wiadomo\u015b\u0107<\/span>\n                            <\/header>\n        [vc_row_inner css=&#8221;.vc_custom_1492769651845{padding-top: 90px !important;padding-bottom: 90px !important;}&#8221;][vc_column_inner width=&#8221;1\/2&#8243;]\n    <header class=\"section-heading \">\n                <h4  class=\"  text-left\" >Napisz do nas !<\/h4>\n            <\/header>\n\n    <div role=\"form\" class=\"wpcf7\" id=\"wpcf7-f299-o1\" lang=\"en-US\" dir=\"ltr\">\n<div class=\"screen-reader-response\"><\/div>\n<form action=\"\/index.php?rest_route=%2Fwp%2Fv2%2Fpages%2F132#wpcf7-f299-o1\" method=\"post\" class=\"wpcf7-form\" novalidate=\"novalidate\">\n<div style=\"display: none;\">\n<input type=\"hidden\" name=\"_wpcf7\" value=\"299\" \/>\n<input type=\"hidden\" name=\"_wpcf7_version\" value=\"5.0.2\" \/>\n<input type=\"hidden\" name=\"_wpcf7_locale\" value=\"en_US\" \/>\n<input type=\"hidden\" name=\"_wpcf7_unit_tag\" value=\"wpcf7-f299-o1\" \/>\n<input type=\"hidden\" name=\"_wpcf7_container_post\" value=\"0\" \/>\n<\/div>\n<p><span class=\"wpcf7-form-control-wrap your-name\"><input type=\"text\" name=\"your-name\" value=\"\" size=\"40\" class=\"wpcf7-form-control wpcf7-text wpcf7-validates-as-required\" id=\"name\" aria-required=\"true\" aria-invalid=\"false\" placeholder=\"Twoje Imi\u0119\" \/><\/span><br \/>\n<span class=\"wpcf7-form-control-wrap your-email\"><input type=\"email\" name=\"your-email\" value=\"\" size=\"40\" class=\"wpcf7-form-control wpcf7-text wpcf7-email wpcf7-validates-as-required wpcf7-validates-as-email\" id=\"email\" aria-required=\"true\" aria-invalid=\"false\" placeholder=\"Adres e-mail\" \/><\/span><br \/>\n<span class=\"wpcf7-form-control-wrap yourmessage\"><textarea name=\"yourmessage\" cols=\"40\" rows=\"10\" class=\"wpcf7-form-control wpcf7-textarea wpcf7-validates-as-required\" id=\"message\" aria-required=\"true\" aria-invalid=\"false\" placeholder=\"Tekst wiadomo\u015bci\"><\/textarea><\/span><br \/>\n<button type=\"-submit\" class=\"btn btn-dark btn-block\">Wy\u015bij<\/button><\/p>\n<div class=\"wpcf7-response-output wpcf7-display-none\"><\/div><\/form><\/div>[\/vc_column_inner][vc_column_inner width=&#8221;1\/2&#8243;]\n    <header class=\"section-heading \">\n                <h4  class=\"  text-left\" >Znajd\u017a nas<\/h4>\n            <\/header>\n\n                <!-- Contact-us -->\n        <section class=\"contact\">\n            <div class=\"row section-content\">\n                <div class=\"col-md-12\">\n                    <div class=\"google-map\">\n                        <div id=\"map\" data-api-key=\"AIzaSyCtzwd2pqzwfC6Q8aqqWo1pORUUYwLhwZ0\" data-latitude=\"52.293684\" data-longitude=\"21.003524\">\n                                                    <\/div>\n                    <\/div>\n                    <div class=\"row contact-info-wrap\">\n                                                                    <\/div>\n                <\/div>\n            <\/div>\n        <\/section>\n        <!-- Contact-us -->\n        [vc_column_text]<\/p>\n<div class=\"col-sm-6\">\n<div>\n<h5><strong>Adres biura:<\/strong><\/h5>\n<address class=\"contact-info\">3dArchviz Sp. z o.o.<br \/>\nElektronowa 2 03-219<br \/>\nWarszawa, Polska<br \/>\nNIP: 5242835722<\/address>\n<\/div>\n<p><a href=\"https:\/\/fly-desk.com\/biurko-regulowane\">biurko elektryczne <\/a><\/p>\n<p><a href=\"https:\/\/fly-desk.de\">elektrisch h\u00f6henverstellbaren Schreibtisch<\/a><\/p>\n<\/div>\n<div class=\"col-sm-6\">\n<div>\n<h5><strong>Informacje Kontaktowe:<\/strong><\/h5>\n<div class=\"contact-info\">Kom: 601 456 441<br \/>\nbiuro@3darchviz.pl<\/div>\n<\/div>\n<\/div>\n<p>[\/vc_column_text][\/vc_column_inner][\/vc_row_inner]    <!-- Blog -->\n    <section id=\"blog\" class=\"section blog blog-grid\">\n        <div class=\"container\">\n\n            <div id=\"blogContent\" class=\"section-content\">\n                <div class=\"row\">\n                                                                    <div class=\"col-md-6 col-sm-12 col-xs-12\">\n                            <div class=\"blog-post\">\n                                <header>\n                                    <h4 class=\"date\">06<br>gru<\/h4>\n                                    <div class=\"blog-element\">\n                                        <img class=\"img-responsive\" src=\"\" alt=\"\">\n                                    <\/div>\n                                <\/header>\n                                <div class=\"blog-content\">\n                                    <h4><a href=\"https:\/\/3darchviz.pl\/?p=463\">Jak dopasowa\u0107 meble na wymiar ? Gubin<\/a><\/h4>\n                                    <div class=\"post-meta\">\n                                        <span>By <a href=\"https:\/\/3darchviz.pl\/?author=1\">admin<\/a><\/span>\n                                        <span><a href=\"https:\/\/3darchviz.pl\/?p=463\">0 Comments<\/a><\/span>\n                                    <\/div>\n                                    <p>\nKa\u017cdy, kto ma mieszkanie, czy dom marzy o tym, by mie\u0107 idealne meble....<\/p>\n                                <\/div>\n                            <\/div>\n                        <\/div>\n                                                                    <div class=\"col-md-6 col-sm-12 col-xs-12\">\n                            <div class=\"blog-post\">\n                                <header>\n                                    <h4 class=\"date\">06<br>gru<\/h4>\n                                    <div class=\"blog-element\">\n                                        <img class=\"img-responsive\" src=\"\" alt=\"\">\n                                    <\/div>\n                                <\/header>\n                                <div class=\"blog-content\">\n                                    <h4><a href=\"https:\/\/3darchviz.pl\/?p=481\">Meble Biurowe &#8211; biurko z regulacj\u0105 wysoko\u015bci<\/a><\/h4>\n                                    <div class=\"post-meta\">\n                                        <span>By <a href=\"https:\/\/3darchviz.pl\/?author=1\">admin<\/a><\/span>\n                                        <span><a href=\"https:\/\/3darchviz.pl\/?p=481\">0 Comments<\/a><\/span>\n                                    <\/div>\n                                    <p>\nEfektywna praca i nauka przy jednoczesnym zadbaniu o prawid\u0142ow\u0105...<\/p>\n                                <\/div>\n                            <\/div>\n                        <\/div>\n                                    <\/div>\n\n            <\/div><!--\/#blogContent-->\n\n            <div class=\"text-center\">\n                <a id=\"loadBlogPosts\" href=\"https:\/\/3darchviz.pl\/\" class=\"btn btn-dark\">View All <span class=\"fa fa-angle-double-right\"><\/span><\/a>\n            <\/div>\n\n        <\/div><!--\/.container-->\n    <\/section>\n    <!-- Blog -->\n    [\/vc_column][\/vc_row][vc_row][vc_column][\/vc_column][\/vc_row]<\/p>\n","protected":false},"excerpt":{"rendered":"<p>[vc_row full_width=&#8221;stretch_row&#8221; gap=&#8221;5&#8243; css=&#8221;.vc_custom_1529675098091{padding-top: 90px !important;padding-bottom: 90px !important;}&#8221; el_id=&#8221;about&#8221;][vc_column][vc_column_text] 3dArchViz tworzy najbardziej zaawansowane projekty interaktywne 3D na rynku nieruchomo\u015bci na ca\u0142ym \u015bwiecie.&nbsp;Innowacyjne pomys\u0142y \u015bwietnie sprawdzaj\u0105 si\u0119 we wsp\u00f3\u0142pracy z Inwestorami oraz Deweloperami. Dzi\u0119ki silnikowi Unreal Engine 4, na kt\u00f3rym pracujemy, jeste\u015bmy w stanie uzyska\u0107 najwy\u017csz\u0105 jako\u015b\u0107 detali zawartych w projektach. [\/vc_column_text][\/vc_column][\/vc_row][vc_row full_width=&#8221;stretch_row&#8221; css=&#8221;.vc_custom_1485412442465{padding-top: 90px !important;padding-bottom: [&hellip;]<\/p>\n","protected":false},"author":1,"featured_media":0,"parent":0,"menu_order":0,"comment_status":"closed","ping_status":"closed","template":"","meta":[],"_links":{"self":[{"href":"https:\/\/3darchviz.pl\/index.php?rest_route=\/wp\/v2\/pages\/132"}],"collection":[{"href":"https:\/\/3darchviz.pl\/index.php?rest_route=\/wp\/v2\/pages"}],"about":[{"href":"https:\/\/3darchviz.pl\/index.php?rest_route=\/wp\/v2\/types\/page"}],"author":[{"embeddable":true,"href":"https:\/\/3darchviz.pl\/index.php?rest_route=\/wp\/v2\/users\/1"}],"replies":[{"embeddable":true,"href":"https:\/\/3darchviz.pl\/index.php?rest_route=%2Fwp%2Fv2%2Fcomments&post=132"}],"version-history":[{"count":53,"href":"https:\/\/3darchviz.pl\/index.php?rest_route=\/wp\/v2\/pages\/132\/revisions"}],"predecessor-version":[{"id":487,"href":"https:\/\/3darchviz.pl\/index.php?rest_route=\/wp\/v2\/pages\/132\/revisions\/487"}],"wp:attachment":[{"href":"https:\/\/3darchviz.pl\/index.php?rest_route=%2Fwp%2Fv2%2Fmedia&parent=132"}],"curies":[{"name":"wp","href":"https:\/\/api.w.org\/{rel}","templated":true}]}}